{"id":117,"date":"2016-07-15T12:42:57","date_gmt":"2016-07-15T12:42:57","guid":{"rendered":"http:\/\/colegiomedicocat.com.ar\/med\/?page_id=117"},"modified":"2018-08-09T00:23:02","modified_gmt":"2018-08-09T00:23:02","slug":"convenios-vigentes","status":"publish","type":"page","link":"https:\/\/colegiomedicocat.com.ar\/med\/convenios-vigentes\/","title":{"rendered":"Convenios Vigentes"},"content":{"rendered":"<p>CONVENIOS<\/p>\n<p style=\"font-weight: 400;\"><span style=\"font-size: 14pt;\"><strong>Realizados con Sociedades Cient\u00edficas, Universidades,\u00a0\u00a0Ministerio de Salud u otras Instituciones:<\/strong><\/span><\/p>\n<ul style=\"font-weight: 400;\">\n<li><span style=\"font-size: 12pt;\">Convenio con\u00a0<strong>Sociedad Argentina de Urolog\u00eda y Colegio de M\u00e9dicos<\/strong>\u00a0a fines de establecer los requisitos para el Otorgamiento de T\u00edtulo de Especialista en Urolog\u00eda.<\/span><\/li>\n<li><span style=\"font-size: 12pt;\">Convenio entre\u00a0<strong>Facultad de Ciencias de la Salud de la Universidad Nacional de Catamarca y Colegio de M\u00e9dicos de Catamarca<\/strong>, para actividades de Actualizaci\u00f3n y perfeccionamiento Profesional u otros afines, que vincule las partes, las que estar\u00e1n referidas a la realizaci\u00f3n, coordinaci\u00f3n y ejecuci\u00f3n de Cursos, Seminarios, Jornadas y Talleres conforme a las reglamentaciones vigentes de ambas instituciones.<\/span><\/li>\n<li><span style=\"font-size: 12pt;\">Convenio entre\u00a0<strong>Ministerio de Salud y\u00a0\u00a0Colegio de M\u00e9dicos de Catamarca acerca del\u00a0\u00a0Programa de Capacitaci\u00f3n de M\u00e9dicos del Interior de la Provincia<\/strong>\u00a0de\u00a0\u00a0en Atenci\u00f3n Primaria de la Salud.<\/span><\/li>\n<li><span style=\"font-size: 12pt;\">Convenio entre\u00a0<strong>Ministerio de Salud de Catamarca, Colegio de M\u00e9dicos de Catamarca, Rotary Club Tinogasta-\u00a0\u00a0Rotary Club Alberdi C\u00f3rdoba y Segunda C\u00e1tedra de Ortopedia y Traumatolog\u00eda (Facultad de Medicina, Universidad Nacional de C\u00f3rdoba)\u00a0<\/strong>con la finalidad de establecer un marco amplio de colaboraci\u00f3n para articular e integrar estrategias para mejorar la calidad de asistencia medica de las enfermedades del aparato locomotor en la regi\u00f3n Oeste.\u00a0\u00a0<\/span><\/li>\n<\/ul>\n<p>&nbsp;<\/p>\n<p><strong><span style=\"font-size: 18pt;\">CONVENIOS VIGENTES:<\/span><\/strong><\/p>\n<p>&nbsp;<\/p>\n<ul style=\"font-weight: 400;\">\n<li><span style=\"font-size: 12pt;\">Convenio con Sociedad Argentina de Cardiolog\u00eda y Colegio de M\u00e9dicos de Catamarca, acerca de reglamentaci\u00f3n de caracter\u00edsticas y avales de posgrado que permiten acceder a la especialidad de cardiolog\u00eda.<\/span><\/li>\n<li><span style=\"font-size: 12pt;\">Convenio con Sociedad Argentina de Pediatr\u00eda avalando la matriculaci\u00f3n inmediata de colegas que hayan aprobado el examen de la mencionada especialidad y de Neonatolog\u00eda, y permitiendo formar un tribunal conformado por un representante del Consejo de Evaluaci\u00f3n Profesional de la S.A.P. y un representante del Colegio de M\u00e9dicos, m\u00e1s un miembro de la Comisi\u00f3n Directiva de la S.A.P Catamarca para rendir el examen de dicha especialidad en Catamarca.<\/span><\/li>\n<\/ul>\n<p>&nbsp;<\/p>\n<p>&nbsp;<\/p>\n","protected":false},"excerpt":{"rendered":"<p>CONVENIOS Realizados con Sociedades Cient\u00edficas, Universidades,\u00a0\u00a0Ministerio de Salud u otras Instituciones: Convenio con\u00a0Sociedad Argentina de Urolog\u00eda y Colegio de M\u00e9dicos\u00a0a fines de establecer los requisitos para el Otorgamiento de T\u00edtulo de Especialista en Urolog\u00eda. Convenio entre\u00a0Facultad de Ciencias de la Salud de la Universidad Nacional de Catamarca y Colegio de M\u00e9dicos de Catamarca, para actividades [&hellip;]<\/p>\n","protected":false},"author":2,"featured_media":0,"parent":0,"menu_order":0,"comment_status":"closed","ping_status":"closed","template":"","meta":{"_joinchat":[],"footnotes":""},"class_list":["post-117","page","type-page","status-publish","hentry"],"_links":{"self":[{"href":"https:\/\/colegiomedicocat.com.ar\/med\/wp-json\/wp\/v2\/pages\/117","targetHints":{"allow":["GET"]}}],"collection":[{"href":"https:\/\/colegiomedicocat.com.ar\/med\/wp-json\/wp\/v2\/pages"}],"about":[{"href":"https:\/\/colegiomedicocat.com.ar\/med\/wp-json\/wp\/v2\/types\/page"}],"author":[{"embeddable":true,"href":"https:\/\/colegiomedicocat.com.ar\/med\/wp-json\/wp\/v2\/users\/2"}],"replies":[{"embeddable":true,"href":"https:\/\/colegiomedicocat.com.ar\/med\/wp-json\/wp\/v2\/comments?post=117"}],"version-history":[{"count":9,"href":"https:\/\/colegiomedicocat.com.ar\/med\/wp-json\/wp\/v2\/pages\/117\/revisions"}],"predecessor-version":[{"id":1481,"href":"https:\/\/colegiomedicocat.com.ar\/med\/wp-json\/wp\/v2\/pages\/117\/revisions\/1481"}],"wp:attachment":[{"href":"https:\/\/colegiomedicocat.com.ar\/med\/wp-json\/wp\/v2\/media?parent=117"}],"curies":[{"name":"wp","href":"https:\/\/api.w.org\/{rel}","templated":true}]}}