{"id":1612,"date":"2018-11-15T11:23:10","date_gmt":"2018-11-15T11:23:10","guid":{"rendered":"http:\/\/colegiomedicocat.com.ar\/med\/?page_id=1612"},"modified":"2018-11-15T11:23:10","modified_gmt":"2018-11-15T11:23:10","slug":"extension-institucional-y-universitaria","status":"publish","type":"page","link":"https:\/\/colegiomedicocat.com.ar\/med\/extension-institucional-y-universitaria\/","title":{"rendered":"Extensi\u00f3n Institucional y Universitaria"},"content":{"rendered":"<p><strong><span style=\"color: #003366; font-size: 12pt;\">FUNCIONES <\/span><\/strong><\/p>\n<p>-Relanzamiento de todas las Sociedades Cient\u00edficas. Facilitar la obtenci\u00f3n de Personer\u00eda<br \/>\nJur\u00eddica.<br \/>\n-Conformaci\u00f3n de un comit\u00e9 interdisciplinario (CONSEJO DE CIENCIAS) con los presidentes<br \/>\nde cada SOCIEDAD CIENTIFICA en asesoria y mancomunando el trabajo con esta SECRETARIA<br \/>\ny con las autoridades del COLEGIO MEDICO DE CATAMARCA.<br \/>\n-Servir de nexo entre las SOCIEDADES CIENTIFICAS y las Universidades para el desarrollo de<br \/>\nplanes de apoyo espec\u00edfico para la certificaci\u00f3n y la recertificaion de cada miembro de las<br \/>\nmismas.<br \/>\n-Conformaci\u00f3n de CONSEJO DE MEDICOS COLEGIADOS JOVENES Y MEDICOS RESIDENTES<br \/>\nCon representantes medicos de menos de 5 a\u00f1os de colegiacion agrupando ademas a todos<br \/>\nlos RESIDENTES publicos y privados, para canalizar propuestas y necesidades en conjunto<br \/>\ncon los Departamentos de Docencia.<br \/>\n-Profundizar y expandir las asociaciones estrategicas con UNIVERSIDADES NACIONALES y<br \/>\ncon sus ESCUELAS DE GRADUADOS para tener vias validas y certificadas que nos ayuden a<br \/>\naumentar los controles sobre TITULOS, CURSOS y DIPLOMAS.<br \/>\n&#8211; Incentivar el aumento exponencial de los DOCTORADOS EN MEDICINA comenzando por los<br \/>\ncursos obligatorios pre doctorado.<br \/>\n-Hacer acuerdos con Hemerotecas universitarias para ayudar a crear una BIBLIOTECA<br \/>\nINTERACTIVA del Colegio Medico de Catamarca con libre accceso fisico y digital de nuestros<br \/>\ncolegiados.<br \/>\n-Iniciar la CARRERA de ESPECIALIZACION EN EMERGENTOLOGIA Y MEDICINA DEL RESCATE<br \/>\norganizada por el Colegio Medico de Catamarca segun convenio con la carrera de<br \/>\nEmergentologia de la provincia de Cordoba.<br \/>\n-Otorgar ACREDITACION a CENTROS FORMADORES de nuestra provincia que cumplan con<br \/>\nlos requisitos que reglamente su actividad.<br \/>\n-Se realizara a partir de marzo del 2019 CURSO ANUAL SEMANAL DE ACTUALIZACION<br \/>\nCONTINUA para todos los colegiados. Con examen interactivo al final de cada jornada cada jornada y que<br \/>\notorgara puntajes para la recertificaci\u00f3n.<br \/>\n-Crear y desarrollar el AULA VIRTUAL en la pagina del colegio, adonde se vertiran las clases<br \/>\nen PPS del curso anual y de las informaciones basicas que cada SOCIEDAD CIENTIFICA desee<br \/>\ncompartir con todos los colegiados.<\/p>\n<p>-Crear, desarrollar y expandir una RED de TELEMEDICINA MEDICA DE CATAMARCA ideado<br \/>\npara que los colegiados de toda la provincia tengan referentes en cada area a los que<br \/>\npuedan consultar 24 hs por dudas, consejos o asesoramiento sobre el bien actuar ante un<br \/>\npaciente problema. ( EJ red whatsapp)<\/p>\n","protected":false},"excerpt":{"rendered":"<p>FUNCIONES -Relanzamiento de todas las Sociedades Cient\u00edficas. Facilitar la obtenci\u00f3n de Personer\u00eda Jur\u00eddica. -Conformaci\u00f3n de un comit\u00e9 interdisciplinario (CONSEJO DE CIENCIAS) con los presidentes de cada SOCIEDAD CIENTIFICA en asesoria y mancomunando el trabajo con esta SECRETARIA y con las autoridades del COLEGIO MEDICO DE CATAMARCA. -Servir de nexo entre las SOCIEDADES CIENTIFICAS y las [&hellip;]<\/p>\n","protected":false},"author":2,"featured_media":0,"parent":0,"menu_order":0,"comment_status":"closed","ping_status":"closed","template":"","meta":{"_joinchat":[],"footnotes":""},"class_list":["post-1612","page","type-page","status-publish","hentry"],"_links":{"self":[{"href":"https:\/\/colegiomedicocat.com.ar\/med\/wp-json\/wp\/v2\/pages\/1612","targetHints":{"allow":["GET"]}}],"collection":[{"href":"https:\/\/colegiomedicocat.com.ar\/med\/wp-json\/wp\/v2\/pages"}],"about":[{"href":"https:\/\/colegiomedicocat.com.ar\/med\/wp-json\/wp\/v2\/types\/page"}],"author":[{"embeddable":true,"href":"https:\/\/colegiomedicocat.com.ar\/med\/wp-json\/wp\/v2\/users\/2"}],"replies":[{"embeddable":true,"href":"https:\/\/colegiomedicocat.com.ar\/med\/wp-json\/wp\/v2\/comments?post=1612"}],"version-history":[{"count":1,"href":"https:\/\/colegiomedicocat.com.ar\/med\/wp-json\/wp\/v2\/pages\/1612\/revisions"}],"predecessor-version":[{"id":1614,"href":"https:\/\/colegiomedicocat.com.ar\/med\/wp-json\/wp\/v2\/pages\/1612\/revisions\/1614"}],"wp:attachment":[{"href":"https:\/\/colegiomedicocat.com.ar\/med\/wp-json\/wp\/v2\/media?parent=1612"}],"curies":[{"name":"wp","href":"https:\/\/api.w.org\/{rel}","templated":true}]}}