{"id":1615,"date":"2018-11-15T11:41:10","date_gmt":"2018-11-15T11:41:10","guid":{"rendered":"http:\/\/colegiomedicocat.com.ar\/med\/?page_id=1615"},"modified":"2018-11-15T11:42:50","modified_gmt":"2018-11-15T11:42:50","slug":"del-interior","status":"publish","type":"page","link":"https:\/\/colegiomedicocat.com.ar\/med\/del-interior\/","title":{"rendered":"Del Interior"},"content":{"rendered":"<p>PRPUESTAS<\/p>\n<p>\uf0b7 CONTACTO ACTIVO A TRAV\u00c9S DE PLATAFORMA DIGITAL CON M\u00c9DICOS DEL INTERIOR<br \/>\nPROVINCIAL.<br \/>\n\uf0b7 CREACI\u00d3N DEL FORMULARIO DE \u201cREPORTE DE EJERCICIO PROFESIONAL SIN MATR\u00cdCULA\u201d<br \/>\nON LINE, A TRAV\u00c9S DE LA P\u00c1GINA DEL COLEGIO TAL COMO HICIMOS CON EL \u201cREPORTE<br \/>\nDIGITAL DE VIOLENCIA\u201d<br \/>\n\uf0b7 TRABAJO INTERINSTITUCIONAL CON JEFATURAS DE \u00c1REAS PROGRAM\u00c1TICAS EN<br \/>\nASPECTOS INHERENTES A LA SALUD P\u00daBLICA DEL INTERIOR Y CONDICIONES DE EJERCICIO<br \/>\nPROFESIONAL EN ESTABLECIMIENTOS DE SALUD P\u00daBLICA DEL INTERIOR.<br \/>\n\uf0b7 TRABAJO INETRINSTITUCIONAL JUNTO A FISCALIZACI\u00d3N SANITARIA DEL MINISTERIO DE<br \/>\nSALUD DE LA PROVINCIA, RESPECTO DE CONDICIONES DE HABILITACI\u00d3N DE CENTROS<br \/>\nASISTENCIALES EN EL INTERIOR.<br \/>\n\uf0b7 TRABAJO INTERINSTITUCIONAL Y COLABORATIVO CON SECRETAR\u00cdA DEL INTERIOR DEL<br \/>\nC\u00cdRCULO M\u00c9DICO DE CATAMARCA, EN LOS CASOS QUE CORRESPONDA INDEPENDENCIA TRIBUTARIA.<br \/>\nCREACI\u00d3N DE PROTOCOLOS DE REFERENCIA Y CONTRA REFERENCIA.<br \/>\n\uf0b7 PLATAFORMA DE TELEMEDICINA PARA CONSULTAS CON ESPECIALISTAS DE CAPITAL.<br \/>\n\uf0b7 PLATAFORMA DE CAPACITACI\u00d3N A DISTANCIA, CON PARTICIPACI\u00d3N ACTIVA DE M\u00c9DICOS<br \/>\nDEL INTERIOR COMO DISERTANTES Y ORGANIZADORES HACIA CAPITAL.<br \/>\n\uf0b7 PERMITIR A TRAV\u00c9S DENUESTRA P\u00c1GINA WEB, LA TRAMITACI\u00d3N ON LINE DE<br \/>\nRECERTIFICACIONES.<br \/>\n\uf0b7 MANTENER EL PROGRAMA DE CONCURRENCIA DE M\u00c9DICOS DEL INTERIOR QUE HOY<br \/>\nTENEMOS VIGENTE POR CONVENIO MINISTERIO DE SALUD \u2013 COLEGIO M\u00c9DICO.<br \/>\n\uf0b7 PRIORIZACI\u00d3N DE AYUDA ECON\u00d3MICA A SECRETAR\u00cdA DEL MINTERIOR PARA FACILITAR<br \/>\nACTIVIDADES ACAD\u00c9MICAS.<br \/>\n\uf0b7 MANTENER LOS PREMIOS A LA EXCELENCIA A M\u00c9DICOS DEL INTERIOR, OTORGADOS POR<br \/>\nPRIMERA VEZ EL A\u00d1O PASADO.<\/p>\n","protected":false},"excerpt":{"rendered":"<p>PRPUESTAS \uf0b7 CONTACTO ACTIVO A TRAV\u00c9S DE PLATAFORMA DIGITAL CON M\u00c9DICOS DEL INTERIOR PROVINCIAL. \uf0b7 CREACI\u00d3N DEL FORMULARIO DE \u201cREPORTE DE EJERCICIO PROFESIONAL SIN MATR\u00cdCULA\u201d ON LINE, A TRAV\u00c9S DE LA P\u00c1GINA DEL COLEGIO TAL COMO HICIMOS CON EL \u201cREPORTE DIGITAL DE VIOLENCIA\u201d \uf0b7 TRABAJO INTERINSTITUCIONAL CON JEFATURAS DE \u00c1REAS PROGRAM\u00c1TICAS EN ASPECTOS INHERENTES A [&hellip;]<\/p>\n","protected":false},"author":2,"featured_media":0,"parent":0,"menu_order":0,"comment_status":"closed","ping_status":"closed","template":"","meta":{"_joinchat":[],"footnotes":""},"class_list":["post-1615","page","type-page","status-publish","hentry"],"_links":{"self":[{"href":"https:\/\/colegiomedicocat.com.ar\/med\/wp-json\/wp\/v2\/pages\/1615","targetHints":{"allow":["GET"]}}],"collection":[{"href":"https:\/\/colegiomedicocat.com.ar\/med\/wp-json\/wp\/v2\/pages"}],"about":[{"href":"https:\/\/colegiomedicocat.com.ar\/med\/wp-json\/wp\/v2\/types\/page"}],"author":[{"embeddable":true,"href":"https:\/\/colegiomedicocat.com.ar\/med\/wp-json\/wp\/v2\/users\/2"}],"replies":[{"embeddable":true,"href":"https:\/\/colegiomedicocat.com.ar\/med\/wp-json\/wp\/v2\/comments?post=1615"}],"version-history":[{"count":2,"href":"https:\/\/colegiomedicocat.com.ar\/med\/wp-json\/wp\/v2\/pages\/1615\/revisions"}],"predecessor-version":[{"id":1618,"href":"https:\/\/colegiomedicocat.com.ar\/med\/wp-json\/wp\/v2\/pages\/1615\/revisions\/1618"}],"wp:attachment":[{"href":"https:\/\/colegiomedicocat.com.ar\/med\/wp-json\/wp\/v2\/media?parent=1615"}],"curies":[{"name":"wp","href":"https:\/\/api.w.org\/{rel}","templated":true}]}}