{"id":233,"date":"2016-07-27T21:54:02","date_gmt":"2016-07-27T21:54:02","guid":{"rendered":"http:\/\/colegiomedicocat.com.ar\/med\/?page_id=233"},"modified":"2023-03-12T16:32:47","modified_gmt":"2023-03-12T16:32:47","slug":"codigo-de-etica","status":"publish","type":"page","link":"https:\/\/colegiomedicocat.com.ar\/med\/codigo-de-etica\/","title":{"rendered":"C\u00f3digo de  \u00c9tica"},"content":{"rendered":"<p><strong>CONFEDERACI\u00d3N M\u00c9DICA\u00a0de la REP\u00daBLICA ARGENTINA<\/strong><\/p>\n<p><strong>VER y DESCARGAR<\/strong><\/p>\n<p>\u00a0<\/p>\n\n\n<div class=\"wp-block-buttons is-layout-flex wp-block-buttons-is-layout-flex\">\n<div class=\"wp-block-button\"><a class=\"wp-block-button__link has-vivid-green-cyan-background-color has-background wp-element-button\" href=\"http:\/\/colegiomedicocat.com.ar\/med\/wp-content\/uploads\/2023\/03\/Codigo-de-Etica-COMRA-1.pdf\" style=\"border-radius:14px\" target=\"_blank\" rel=\"noreferrer noopener\">Descargar<\/a><\/div>\n<\/div>\n","protected":false},"excerpt":{"rendered":"<p>CONFEDERACI\u00d3N M\u00c9DICA\u00a0de la REP\u00daBLICA ARGENTINA VER y DESCARGAR \u00a0<\/p>\n","protected":false},"author":2,"featured_media":0,"parent":0,"menu_order":0,"comment_status":"closed","ping_status":"closed","template":"","meta":{"_joinchat":[],"footnotes":""},"class_list":["post-233","page","type-page","status-publish","hentry"],"_links":{"self":[{"href":"https:\/\/colegiomedicocat.com.ar\/med\/wp-json\/wp\/v2\/pages\/233","targetHints":{"allow":["GET"]}}],"collection":[{"href":"https:\/\/colegiomedicocat.com.ar\/med\/wp-json\/wp\/v2\/pages"}],"about":[{"href":"https:\/\/colegiomedicocat.com.ar\/med\/wp-json\/wp\/v2\/types\/page"}],"author":[{"embeddable":true,"href":"https:\/\/colegiomedicocat.com.ar\/med\/wp-json\/wp\/v2\/users\/2"}],"replies":[{"embeddable":true,"href":"https:\/\/colegiomedicocat.com.ar\/med\/wp-json\/wp\/v2\/comments?post=233"}],"version-history":[{"count":7,"href":"https:\/\/colegiomedicocat.com.ar\/med\/wp-json\/wp\/v2\/pages\/233\/revisions"}],"predecessor-version":[{"id":4938,"href":"https:\/\/colegiomedicocat.com.ar\/med\/wp-json\/wp\/v2\/pages\/233\/revisions\/4938"}],"wp:attachment":[{"href":"https:\/\/colegiomedicocat.com.ar\/med\/wp-json\/wp\/v2\/media?parent=233"}],"curies":[{"name":"wp","href":"https:\/\/api.w.org\/{rel}","templated":true}]}}