{"id":48,"date":"2016-07-03T22:24:12","date_gmt":"2016-07-03T22:24:12","guid":{"rendered":"http:\/\/colegiomedicocat.com.ar\/med\/?page_id=48"},"modified":"2024-09-12T22:16:14","modified_gmt":"2024-09-12T22:16:14","slug":"t-deontologico","status":"publish","type":"page","link":"https:\/\/colegiomedicocat.com.ar\/med\/t-deontologico\/","title":{"rendered":"T. Deontol\u00f3gico"},"content":{"rendered":"<p><span style=\"font-family: 'arial black', sans-serif; font-size: 12pt; color: #003366;\"><strong>MIEMBROS\u00a0 Titulares<\/strong><\/span><\/p>\n<div dir=\"auto\">M\u00e9d. Rolando Nassar.<\/div>\n<div dir=\"auto\">M\u00e9d. Graciela Avellaneda.<\/div>\n<div dir=\"auto\">M\u00e9d. Gustavo Peralta Monayar.<\/div>\n<hr \/>\n<p><span style=\"color: #003366; font-size: 12pt;\"><strong>MIEMBROS\u00a0\u00a0Suplentes<\/strong><\/span><\/p>\n<div dir=\"auto\">M\u00e9d. Arturo Lorenzo<\/div>\n<div dir=\"auto\">M\u00e9d. Luis Gonz\u00e1lez Lelong<\/div>\n<div dir=\"auto\"><\/div>\n<div dir=\"auto\">\n<div class=\"x11i5rnm xat24cr x1mh8g0r x1vvkbs xtlvy1s x126k92a\"><\/div>\n<div class=\"x11i5rnm xat24cr x1mh8g0r x1vvkbs xtlvy1s x126k92a\">\n<div dir=\"auto\"><\/div>\n<\/div>\n<\/div>\n<hr \/>\n<p><strong>El Tribunal Deontol\u00f3gico es un\u00a0\u00f3rgano\u00a0aut\u00e1rtico en sus resoluciones.\u00a0Estar\u00e1\u00a0integrado por\u00a0tres&#8221;(3)&#8221;Miembros\u00a0Titulares&#8221; y dos (2) Suplentes, siendo necesario&#8217; tener una antig\u00fcedad\u00a0m\u00ednima\u00a0de diez (-lO)\u00a0a\u00f1os\u00a0de ejercicio profesional en la provincia, y no tener sanciones \u00e9ticas inhabilitantes, Ser\u00e1n\u00a0elegidos por elecci\u00f3n y proclamados por la Asamblea General.<\/strong><\/p>\n<p><span style=\"color: #003366; font-family: 'arial black', sans-serif; font-size: 14pt;\"><span class=\"collapseomatic \" id=\"id69ecfc043c5c1\"  tabindex=\"0\" title=\"Funciones \"    >Funciones <\/span><div id=\"target-id69ecfc043c5c1\" class=\"collapseomatic_content \"><\/span><br \/>\n.<br \/>\n<strong>a)<\/strong> Resolver los sumarios que se instruyan con motivo de supuestas irregularidades etico-morales<br \/>\nen el ejercicio profesional, conforme a las previsiones del C\u00f3digo de \u00c9tica de la\u00a0Confederaci\u00f3n Medica de la Rep\u00fablica Argentina (C.O,M.R.A.), que a tales fines se adopta\u00a0por el presente Estatuto.<\/p>\n<p><strong>\u00a0b)<\/strong> Actuar\u00e1 en el \u00e1mbito de su competencia a instancias del Consejo Directivo.<br \/>\n<strong>c)<\/strong> Proceder\u00e1 conforme al reglamento que deber\u00e1 dictar garantizando al imputado el derecho a la<br \/>\ndefensa.\u00a0<\/div>\n<p><span style=\"font-family: 'arial black', sans-serif;\"><strong><span style=\"color: #003366; font-size: 14pt;\"><span class=\"collapseomatic \" id=\"id69ecfc043c617\"  tabindex=\"0\" title=\"Sanciones \"    >Sanciones <\/span><div id=\"target-id69ecfc043c617\" class=\"collapseomatic_content \"><\/span><\/strong><\/span><\/p>\n<p><strong>a)<\/strong> Llamado de atenci\u00f3n. .<br \/>\n<strong>b)<\/strong>\u00a0Suspensi\u00f3n en el ejercicio profesional<\/p>\n<p>Las de menos de seis'(6) meses ser\u00e1n aplicables ante el Consejo Directivo, el que constituir\u00e1 un\u00a0Tribunal de Apelaci\u00f3n formado por tres (3) miembros, que surgir\u00e1 por sorteo de entre los \u00faltimos\u00a0Presidentes de la Entidad, para que integr\u00e9 el Tribunal que juzgar\u00e1 la apelaci\u00f3n deducida. Existiendo\u00a0alg\u00fan impedimento de parte de estos, el Consejo Directivo queda habilitado para designar el Tribunal\u00a0e integrarlo con los colegiados de la Entidad, con antig\u00fcedad mayor de diez (10) a\u00f1os en el ejercicio\u00a0profesional. Las recusaciones que se efect\u00faen sobre alguno de los &#8216;Miembros del Tribunal de\u00a0Apelaci\u00f3n, las resolver\u00e1 el mismo Tribunal. Siendo la recusacion de dos (2) o m\u00e1s Miembros, lo\u00a0resolver\u00e1 el Consejo Directivo, en un t\u00e9rmino n mayor de cinco (5) d\u00edas h\u00e1biles.\u00a0Las suspensiones de seis meses o. m\u00e1s, son apelables. ante el Consejo Directivo o ante la Justicia\u00a0Provincial en la forma y modo que dispone el Art. 3\u00b0 de la Ley de Colegiaci\u00f3n 4652\/91 que dice: <strong>&#8220;Las\u00a0resoluciones definitivas del Colegio de M\u00e9dicos son apelables ante la C\u00e1mara Civil en turno&#8221;<\/strong>, y el\u00a0Decreto Reglamentario 1195\/92, Art, 10\u00b0 inc. b) que&#8217; reza: &#8220;Cuando se aplique una sanci\u00f3n \u00e9tica y\/o\u00a0suspensi\u00f3n superior a seis (6) meses, la apelaci\u00f3n se efectuar\u00e1 conforme a los Art. 244 y 245 del\u00a0C.P.C. y 259 y concordantes del mismo ordenamiento, con la salvedad de que deber\u00e1 expresar\u00a0agravios dentro de los cinco (5) d\u00edas h\u00e1biles fijado para el procedimiento sumario&#8221;,<\/p>\n<p><strong>c) <em>Expulsi\u00f3n.<\/em><\/strong><br \/>\nLa misma podr\u00e1 ser considerada a pedido del interesado por Asamblea Extraordinaria, en un lapso no\u00a0menor a un (1) a\u00f1o desde la comunicaci\u00f3n efectiva al expulsado.<\/div>\n<p><strong>Los dict\u00e1menes ser\u00e1n comunicados al Consejo Directivo, qui\u00e9n a su vez dar\u00e1 a conocer\u00a0a los profesionales por los medios informativos del Colegio de M\u00e9dicos. manifestando solamente que\u00a0el Tribunal Deontol\u00f3gico se ha expedido en determinada causa&#8221; A partir de ese momento las\u00a0resoluciones quedar\u00e1n a disposici\u00f3n de los m\u00e9dicos en Secretar\u00eda de Entidad, donde podr\u00e1n\u00a0interiorizarse de los mismos; con el solo tr\u00e1mite de solicitarlo verbalmente pero no podr\u00e1n retirarlo\u00a0por ninguna causa, guardando la debida reservas \u00a0de su contenido.<\/strong><\/p>\n","protected":false},"excerpt":{"rendered":"<p>MIEMBROS\u00a0 Titulares M\u00e9d. Rolando Nassar. M\u00e9d. Graciela Avellaneda. M\u00e9d. Gustavo Peralta Monayar. MIEMBROS\u00a0\u00a0Suplentes M\u00e9d. Arturo Lorenzo M\u00e9d. Luis Gonz\u00e1lez Lelong El Tribunal Deontol\u00f3gico es un\u00a0\u00f3rgano\u00a0aut\u00e1rtico en sus resoluciones.\u00a0Estar\u00e1\u00a0integrado por\u00a0tres&#8221;(3)&#8221;Miembros\u00a0Titulares&#8221; y dos (2) Suplentes, siendo necesario&#8217; tener una antig\u00fcedad\u00a0m\u00ednima\u00a0de diez (-lO)\u00a0a\u00f1os\u00a0de ejercicio profesional en la provincia, y no tener sanciones \u00e9ticas inhabilitantes, Ser\u00e1n\u00a0elegidos por elecci\u00f3n y [&hellip;]<\/p>\n","protected":false},"author":2,"featured_media":0,"parent":0,"menu_order":0,"comment_status":"closed","ping_status":"closed","template":"","meta":{"_joinchat":[],"footnotes":""},"class_list":["post-48","page","type-page","status-publish","hentry"],"_links":{"self":[{"href":"https:\/\/colegiomedicocat.com.ar\/med\/wp-json\/wp\/v2\/pages\/48","targetHints":{"allow":["GET"]}}],"collection":[{"href":"https:\/\/colegiomedicocat.com.ar\/med\/wp-json\/wp\/v2\/pages"}],"about":[{"href":"https:\/\/colegiomedicocat.com.ar\/med\/wp-json\/wp\/v2\/types\/page"}],"author":[{"embeddable":true,"href":"https:\/\/colegiomedicocat.com.ar\/med\/wp-json\/wp\/v2\/users\/2"}],"replies":[{"embeddable":true,"href":"https:\/\/colegiomedicocat.com.ar\/med\/wp-json\/wp\/v2\/comments?post=48"}],"version-history":[{"count":21,"href":"https:\/\/colegiomedicocat.com.ar\/med\/wp-json\/wp\/v2\/pages\/48\/revisions"}],"predecessor-version":[{"id":6486,"href":"https:\/\/colegiomedicocat.com.ar\/med\/wp-json\/wp\/v2\/pages\/48\/revisions\/6486"}],"wp:attachment":[{"href":"https:\/\/colegiomedicocat.com.ar\/med\/wp-json\/wp\/v2\/media?parent=48"}],"curies":[{"name":"wp","href":"https:\/\/api.w.org\/{rel}","templated":true}]}}