{"id":4942,"date":"2023-03-12T16:27:57","date_gmt":"2023-03-12T16:27:57","guid":{"rendered":"http:\/\/colegiomedicocat.com.ar\/med\/?page_id=4942"},"modified":"2023-03-12T16:27:58","modified_gmt":"2023-03-12T16:27:58","slug":"reglamento-de-publicidad","status":"publish","type":"page","link":"https:\/\/colegiomedicocat.com.ar\/med\/reglamento-de-publicidad\/","title":{"rendered":"REGLAMENTO DE PUBLICIDAD"},"content":{"rendered":"\n<p>REGLAMENTO DE ANUNCIOS Y PUBLICIDAD<\/p>\n<p><br \/>Art\u00edculo 1\u00ba &#8211; Toda la actividad de m\u00e9dico que trascienda el espec\u00edfico ejercicio de su profesi\u00f3n,<br \/>alcanzando su conocimiento a terceros, cualquiera sea el medio empleado, deber\u00e1 realizarse<br \/>ajust\u00e1ndose a los principios detallados en los art\u00edculos subsiguientes de este Reglamento.<br \/>Se reconoce el derecho a publicidad a:<br \/>a) Los m\u00e9dicos, considerados individualmente o como equipo.<br \/>b) Las entidades de car\u00e1cter privado, que patrocinen, financien, administren, o presten<br \/>servicios de salud, en tanto se encuentren debidamente registradas ante la autoridad<br \/>competente.<\/p>\n<p><br \/>CAP\u00cdTULO PRIMERO<br \/>De la publicidad<br \/>Art\u00edculo 2\u00ba &#8211; \u201cLos profesionales o instituciones m\u00e9dicas podr\u00e1n ofrecer al p\u00fablico sus servicios<br \/>mediante la publicaci\u00f3n de anuncios a trav\u00e9s de: radio, televisi\u00f3n, multimedia, diarios y revistas,<br \/>gu\u00edas telef\u00f3nicas y medios digitales. En los casos de anuncio a trav\u00e9s de radio o televisi\u00f3n, los<br \/>profesionales m\u00e9dicos solo podr\u00e1n hacerlo en programas vinculados a la salud mediante el<br \/>sistema de publicidad est\u00e1tica, y respetando los principios detallados en este Reglamento. Los<br \/>profesionales m\u00e9dicos del interior de la provincia en cuyas localidades no se cuente con<br \/>programas televisivos de salud, podr\u00e1n hacerlo en otros, previa autorizaci\u00f3n del Consejo<br \/>Directivo del Colegio M\u00e9dico de Catamarca.\u201d<br \/>Art\u00edculo 3\u00ba &#8211; \u201cDicha publicaci\u00f3n deber\u00e1 incluir nombres y apellidos del m\u00e9dico; n\u00famero de<br \/>matr\u00edcula provincial, domicilio particular y\/o del consultorio habilitado por Fiscalizaci\u00f3n<br \/>Sanitaria para tal fin, tel\u00e9fono y d\u00edas de atenci\u00f3n, como as\u00ed tambi\u00e9n especificaci\u00f3n sobre si<br \/>cuenta con servicios de urgencia o no. Podr\u00e1n contener los t\u00edtulos cient\u00edficos o universitarios,<br \/>cargos hospitalarios o afines efectivos y\/o cargos docentes que desempe\u00f1en o hayan<br \/>desempe\u00f1ado, especialidad o en su defecto rama de la medicina a la que se encuentra avocado<br \/>y pr\u00e1ctica especializada, autorizada y vigentes, debiendo estas referencias coincidir con las<br \/>registradas en el Colegio de M\u00e9dicos de Catamarca.\u201d<\/p>\n<p>Art\u00edculo 4\u00ba &#8211; \u201cCuando se trate de instituciones m\u00e9dicas, asistenciales y o de diagnostico estas<br \/>podr\u00e1n publicitar, en los medios mencionados en el artic 2 , como en placas o carteles en las que<br \/>podr\u00e1 incluir o contener nombre de la instituci\u00f3n, rama de la medicina a la que se dedica,<br \/>menci\u00f3n de las especialidades que dispone y tecnolog\u00eda, nombre del director m\u00e9dico con su<br \/>matr\u00edcula profesional , n\u00f3mina de los profesionales que integran su plantel con sus respectivas<br \/>matr\u00edculas profesionales y matr\u00edculas de especialistas habilitadas, direcci\u00f3n, horarios de<br \/>consultorios, tel\u00e9fonos y especificaci\u00f3n sobre si cuenta con servicios de urgencia o no\u201d.<br \/>Las bases de operaciones, veh\u00edculos terrestres, Ambulancias, naves y aeronaves de los servicios<br \/>de emergencias m\u00e9dicas deber\u00e1n ajustar a su publicidad a las especificaciones de este<br \/>Reglamento\u201d.<br \/>Art\u00edculo 5\u00ba &#8211; \u201cCuando estas instituciones brinden guardia activa y permanente, podr\u00e1n colocar<br \/>una cruz verde luminosa o iluminada que se\u00f1ale tal oferta\u201d.<br \/>Art\u00edculo 6\u00ba &#8211; \u201cLas cuestiones cient\u00edficas y de educaci\u00f3n sanitaria pueden ser difundidas al p\u00fablico<br \/>en general por los medios autorizados en este Reglamento en tanto se limiten a la divulgaci\u00f3n<br \/>con fines de educaci\u00f3n sanitaria.<br \/>Los autores de las mencionadas publicidades como as\u00ed tambi\u00e9n de las detalladas en el art\u00edculo<br \/>siguiente, deber\u00e1n poseer certificado de especialista en el \u00e1rea cient\u00edfica en cuesti\u00f3n y\/o estar<br \/>avalados mediante Resoluci\u00f3n del Consejo Directivo\u201d.<br \/>Art\u00edculo 7\u00ba &#8211; \u201cLa difusi\u00f3n por cualquier medio de alcance general o destinado a la poblaci\u00f3n de<br \/>modo indeterminado de comentarios, entrevistas y noticias referidas al ejercicio de la poblaci\u00f3n,<br \/>y la realizaci\u00f3n de conferencias sobre temas m\u00e9dicos, cuidaran de no facilitar la propaganda<br \/>personal o institucional mediante el anuncio y\/o relaci\u00f3n de \u00e9xitos terap\u00e9uticos, la menci\u00f3n<br \/>respectiva del nombre del autor o de una determinada instituci\u00f3n, o por medio de im\u00e1genes<br \/>personales o de la instituci\u00f3n involucrada.<br \/>Es responsabilidad de los m\u00e9dicos incluidos, mencionados o referidos en los comentarios,<br \/>entrevistas y noticias, como as\u00ed tambi\u00e9n de los directores m\u00e9dicos de las instituciones<br \/>involucradas que estas disposiciones sean debidamente interpretadas, respetadas y acatadas<br \/>por los medios de difusi\u00f3n\u201d.<br \/>Art\u00edculo 8\u00ba &#8211; \u201cLos profesionales m\u00e9dicos podr\u00e1n participar en programas radiales o televisivos<br \/>en relaci\u00f3n con temas m\u00e9dicos, evitando la propia promoci\u00f3n o el dirigismo. Asimismo podr\u00e1n<br \/>publicar bajo su autor\u00eda, en la prensa no m\u00e9dica, art\u00edculos referidos a la medicina solo si est\u00e1n<br \/>destinados a la educaci\u00f3n sanitaria de la poblaci\u00f3n y que dicha divulgaci\u00f3n cient\u00edfica redunde<br \/>en la promoci\u00f3n, protecci\u00f3n, recuperaci\u00f3n y rehabilitaci\u00f3n de la salud. Garantiz\u00e1ndose el<br \/>respeto hacia el paciente y los colegas\u201d.<\/p>\n<p>Art\u00edculo 9\u00ba &#8211; \u201cEl o los autores de las publicaciones y\/o art\u00edculos deber\u00e1n colocar adem\u00e1s de sus<br \/>nombres y apellidos; n\u00famero de matr\u00edcula provincial que ampara su ejercicio profesional en la<br \/>Provincia de Catamarca quedando prohibido colocar o anunciar el domicilio particular.<br \/>Art\u00edculo 10\u00ba &#8211; \u201cLas normas se\u00f1aladas el presente reglamento ser\u00e1n de aplicaci\u00f3n tambi\u00e9n en<br \/>conferencias o disertaciones al p\u00fablico no m\u00e9dico\u201d.<br \/>Art\u00edculo 11\u00ba &#8211; \u201cCuando el anunciante tuviere certificado de especialista reconocido por el<br \/>Colegio de M\u00e9dicos de Catamarca, podr\u00e1 hacer uso de la formula \u201cespecialista en\u2026\u201d para sus<br \/>publicaciones. En caso de no poseer certificado de especialista, podr\u00e1 anunciar la rama de la<br \/>medicina a la que se dedica con su pr\u00e1ctica autorizada sin anteponer la palabra \u201cespecialista\u201d.<br \/>Art\u00edculo 12\u00ba &#8211; \u201cEl tama\u00f1o y la forma de los anuncios ser\u00e1 consagrado por el uso, impreso sin<br \/>recuadros ostentosos y con letras de tipo promedio en relaci\u00f3n a todos los anuncios de la gu\u00eda<br \/>profesional correspondiente al medio donde fuera hecha la publicaci\u00f3n, excepto en casos<br \/>particulares que considere el consejo directivo del Colegio de M\u00e9dicos de Catamarca. Sus<br \/>medidas sugeridas no podr\u00e1n exceder los 8&#215;8 cm\u201d.<br \/>Art\u00edculo 13\u00ba &#8211; \u201cPreviamente a cualquier publicaci\u00f3n o anuncio, los m\u00e9dicos o instituciones<br \/>medicas estar\u00e1n obligados a solicitar al Consejo Directivo del Colegio de M\u00e9dicos de Catamarca<br \/>la respectiva autorizaci\u00f3n. La misma ser\u00e1 solicitada en el formulario ad-hoc que el Colegio de<br \/>M\u00e9dicos posee para tales fines y en donde deber\u00e1 figurar el texto completo del anuncio, como<br \/>as\u00ed tambi\u00e9n el medio en el que ser\u00e1 publicado. Solo podr\u00e1 publicarse y o difundirse, de resultar<br \/>aprobado y autorizado el texto, consignando al final del mismo lo siguiente: \u201cPublicidad<br \/>autorizada por el Colegio de M\u00e9dicos de Catamarca\u201c. No ser\u00e1 necesaria la autorizaci\u00f3n previa<br \/>del Colegio de M\u00e9dicos de Catamarca si la publicidad se limita exclusivamente a anunciar:<br \/>nombre y apellido, matricula, certificado de especialista, domicilios, tel\u00e9fonos y d\u00edas y horarios<br \/>de atenci\u00f3n del profesional m\u00e9dico, respet\u00e1ndose el tama\u00f1o indicado en el Art\u00edculo 8\u00ba del<br \/>presente Reglamento\u201d.<br \/>Art\u00edculo 14\u00ba &#8211; \u201cAl regreso de cualquier actividad cient\u00edfica, los profesionales m\u00e9dicos podr\u00e1n<br \/>publicitar la actividad realizada durante esa ausencia siempre que previamente haya presentado<br \/>al Colegio de M\u00e9dicos el certificado que acredite el tiempo y la actividad desarrollada. Los<br \/>anuncios deber\u00e1n cumplir con las normas enunciadas en el Articulo 8\u00ba \u201c.<\/p>\n<p>\u00a0<\/p>\n<p style=\"text-align: center;\"><br \/><strong>CAP\u00cdTULO SEGUNDO <\/strong><\/p>\n<p style=\"text-align: center;\"><strong>DE LAS PROHIBICIONES<\/strong><\/p>\n<p style=\"text-align: center;\"><br \/>Art\u00edculo 15\u00ba &#8211; \u201cQuedan expresamente prohibidos los anuncios o publicidad que no se adecue<br \/>estrictamente a las normas de la presente y que adem\u00e1s re\u00fanan algunas de las caracter\u00edsticas<br \/>siguientes:<\/p>\n<p>a) Tama\u00f1o desmedido o con caracteres llamativos, entendi\u00e9ndose con tales los que<br \/>superen el promedio de las publicaciones o el tipo de letra. Los que incluyan la imagen<br \/>est\u00e1tica o din\u00e1mica del profesional y de pacientes, o cualquier curr\u00edculo o adhesi\u00f3n a la<br \/>trayectoria de los profesionales que puedan significar propaganda o elogios personales.<br \/>b) Los que ofrezcan la curaci\u00f3n r\u00e1pida o a plazo fijo infalible de las enfermedades. Los que<br \/>prometen prestaciones gratuitas o que expl\u00edcita o impl\u00edcitamente mencionen tarifas de<br \/>honorarios.<br \/>c) Los que llamen la atenci\u00f3n sobre sistemas, curas, procedimientos especiales no<br \/>reconocidos por el Colegio de M\u00e9dicos de la Provincia de Catamarca.<br \/>d) Los que invoquen t\u00edtulos y antecedentes que no lo sean por no estar registrados en los<br \/>Colegios de m\u00e9dicos o de especialidades no reconocidas por el Consejo Directivo.<br \/>e) Los que mencionen enfermedades o patolog\u00edas.<br \/>f) Los que mencionen heterodoxias m\u00e9dicas, tales como la homeopat\u00eda, iridodiagn\u00f3stico,<br \/>ceruloter\u00e1pia, etc., en tanto no sean reconocidas por el Colegio de M\u00e9dicos de la<br \/>Provincia de Catamarca.<br \/>Los que llamen la atenci\u00f3n sobre curas o procedimientos especiales no reconocidos por<br \/>el Colegio de M\u00e9dicos y\/o las c\u00e1tedras universitarias de la Rep\u00fablica Argentina o<br \/>sistemas exclusivos o secretos.<br \/>g) Los que por su particular redacci\u00f3n o ambig\u00fcedad induzcan a error o confusi\u00f3n respecto<br \/>de la identidad, t\u00edtulo profesional, especialidad o jerarqu\u00eda universitaria del anunciante.<br \/>h) Los difundidos en forma de volantes o tarjetas, colocados en comercios, negocios o<br \/>empresas no m\u00e9dicas, obras sociales o prestadoras de servicios m\u00e9dicos u otras formas<br \/>escritas distribuidas en forma masiva e indiscriminada. Salvo los que se distribuyen bajo<br \/>sobre cerrado y con destinatario preciso.<br \/>i) Los difundidos por altavoces o ilustrados en vidrieras, ventanas, pasacalles o pantallas<br \/>cinematogr\u00e1ficas.\u201d<br \/>j) Los realizados con fines pol\u00edtico o religiosos o que ocasione discriminaciones de<br \/>cualquier tipo.<br \/>k) Los que en su texto incluya alusiones de tipo econ\u00f3mico, u otro tipo de alusiones que<br \/>excedan lo permitido en el presente reglamento y que tuvieran la aptitud de lograr la<br \/>captaci\u00f3n o derivaci\u00f3n de pacientes.<\/p>\n<p><br \/><strong>COLEGIO DE M\u00c9DICOS DE CATAMARCA<\/strong><br \/><strong>RECONOCIDO MEDIANTE LEY 4652\/91<\/strong><br \/><br \/>l) Los que incluidos en anuncios y o publicidad de entidades no medicas, que ofrezcan<br \/>servicios m\u00e9dicos como adicional o complemento de otra clase de prestaciones.<br \/>m) Cualquier forma de publicidad encubierta.<br \/>n) \u201cSer\u00e1n pasibles de sanci\u00f3n las publicaciones o art\u00edculos que induzcan a la<br \/>automedicaci\u00f3n o hagan propaganda al profesional o profesionales, instituciones,<br \/>drogas, medicamentos o m\u00e9todos de tratamiento no reconocido por este Colegio de<br \/>M\u00e9dicos o Universidades Nacionales.<br \/>o) \u201cAl m\u00e9dico no le est\u00e1 permitido prestarse a propaganda en relaci\u00f3n a \u00e9xitos o fracasos,<br \/>formas terap\u00e9uticas o estad\u00edsticas, personales o de grupo. Los anuncios no podr\u00e1n<br \/>asumir la forma de reportajes, salvo que se trate de temas totalmente ajenos al<br \/>quehacer medico\u201d.<br \/>p) La que incluya en la nomina de profesionales de un establecimiento dado a aquellos que<br \/>no concurran habitualmente y peri\u00f3dicamente a ejercer el mismo.<br \/>Articulo 16\u00ba &#8211; \u201cSer\u00e1n directamente responsables del contenido de los anuncios y publicaciones<br \/>de cualquier \u00edndole referidos a la actividad m\u00e9dica, el o los m\u00e9dicos que se mencionan, salvo<br \/>prueba fehaciente en contrario.<br \/>Las Cl\u00ednicas, Obras Sociales y otras entidades que publiciten el nombre de sus profesionales,<br \/>especialidades o tendencias, har\u00e1n responsable de eventuales irregularidades al Director<br \/>M\u00e9dico.\u201d<\/p>\n<p style=\"text-align: center;\"><strong>CAP\u00cdTULO TERCERO<\/strong><br \/><strong>De las Placas y Letreros<\/strong><\/p>\n<p style=\"text-align: left;\"><br \/>Art\u00edculo 17\u00ba &#8211; \u201cEn el frente del lugar en que el m\u00e9dico presta sus servicios, podr\u00e1 colocarse una<br \/>placa de material imperecedero. Dicha placa deber\u00e1 contener adem\u00e1s del nombre y apellido del<br \/>profesional, su n\u00famero de matr\u00edcula provincial y la especialidad reconocida o su tendencia<br \/>conforme a las reglas de este reglamento.<br \/>Dichas placas estar\u00e1n sometidas a la presente reglamentaci\u00f3n y no ser\u00e1 necesario contar con la<br \/>autorizaci\u00f3n previa del Consejo Directivo del Colegio de M\u00e9dico de Catamarca.-\u201c<br \/>COLEGIO DE M\u00c9DICOS DE CATAMARCA<br \/>RECONOCIDO MEDIANTE LEY 4652\/91<\/p>\n<p style=\"text-align: center;\"><br \/><strong>CAP\u00cdTULO CUARTO<\/strong><br \/><strong>Disposiciones Varias<\/strong><\/p>\n<p style=\"text-align: left;\"><br \/>Art\u00edculo 21\u00ba &#8211; \u201cEn caso de anuncios o publicaciones de ofrecido de aparatolog\u00eda y complementos<br \/>de diagnostico y\/o terap\u00e9utico, el Colegio de M\u00e9dicos podr\u00e1 solicitar al profesional anunciante,<br \/>la certificaci\u00f3n de capacitaci\u00f3n de dichas actividades, las que de ser insuficientes originar\u00e1n la<br \/>promoci\u00f3n de sumario disciplinario para deslindar las responsabilidades del caso y en protecci\u00f3n<br \/>de la salud de la poblaci\u00f3n\u201d.<br \/>Art\u00edculo 22\u00ba &#8211; \u201cTodo impreso que el profesional utilice en su pr\u00e1ctica m\u00e9dica (recetarios, tarjeta,<br \/>sobres, cartilla de indicaciones, reg\u00edmenes diet\u00e9ticos) deber\u00e1 llevar el nombre y apellido del<br \/>profesional, su n\u00famero de matr\u00edcula provincial y su especialidad si correspondiera\u201d.<br \/>Art\u00edculo 23\u00ba &#8211; \u201cLos carteles y u otros medios de oferta p\u00fablica de servicios m\u00e9dicos, tanto de<br \/>m\u00e9dicos individuales como de instituciones y o entidades, deber\u00e1n acreditar, en su caso, previa<br \/>autorizaci\u00f3n municipal y ajustarse a las disposiciones del presente reglamento, debiendo su<br \/>exhibici\u00f3n ser previamente autorizada por el Colegio de M\u00e9dicos de Catamarca\u201d.<br \/>Art\u00edculo 24\u00ba &#8211; \u201cEst\u00e1 permitida a los m\u00e9dicos la publicidad por medio de servicios inform\u00e1ticos,<br \/>tales como internet u otros que se creen en el futuro. Dicha publicidad est\u00e1 sujeta en un todo a<br \/>las disposiciones del presente reglamento.\u201d<br \/>Art\u00edculo 25\u00ba -\u201cSe permite a los m\u00e9dicos la propaganda dirigida a los colegas y o instituciones, en<br \/>publicidades especializadas o bajo sobre cerrado con destinatario fijo, en los t\u00e9rminos<br \/>mencionados en el presente reglamento.\u201d<br \/>CAP\u00cdTULO SEXTO<br \/>De Las Sanciones Y Del Procedimiento<br \/>Art\u00edculo 26\u00ba &#8211; \u201cLas transgresiones a las normas del presente reglamento ser\u00e1n consideradas<br \/>faltas al decoro profesional y la \u00e9tica m\u00e9dica.<br \/>Se aplicar\u00e1n en tales situaciones las reglas disciplinarias y sumariales contempladas en el Anexo<br \/>Reglamentario de Publicidad que se adjunta al presente Reglamento.<br \/>La evaluaci\u00f3n de las mismas estar\u00e1 a cargo adem\u00e1s del Tribunal Deontol\u00f3gico del Colegio de<br \/>M\u00e9dicos de Catamarca\u201d.<br \/>Art\u00edculo 27\u00ba -\u201cLa vigilancia y cumplimiento del presente Reglamento estar\u00e1 a cargo en primera<br \/>instancia del Consejo Directivo del Colegio de M\u00e9dicos con el asesoramiento Legal de la<br \/>COLEGIO DE M\u00c9DICOS DE CATAMARCA<br \/>RECONOCIDO MEDIANTE LEY 4652\/91<br \/>instituci\u00f3n y en comunicaci\u00f3n con el Tribunal Deontol\u00f3gico si lo requiriese. Pudiendo en el<br \/>futuro crearse \u201cLa Comisi\u00f3n de Vigilancia y Reglamentos\u201d si se considerare oportuno y<br \/>necesario.\u201d<br \/>Art\u00edculo 28\u00ba &#8211; \u201cLa presente Reglamentaci\u00f3n podr\u00e1 ser modificada total o parcialmente de<br \/>acuerdo a las necesidades emergentes de la pr\u00e1ctica u otras circunstancias que se consideren<br \/>justificadas. Tales modificaciones deber\u00e1n ser efectuadas por el Consejo Directivo del Colegio<br \/>de M\u00e9dicos de Catamarca mediante resoluci\u00f3n o aprobaci\u00f3n en asamblea ordinaria\u201d.<br \/>Art\u00edculo 29\u00ba &#8211; \u201cComun\u00edquese por medios oficiales de la instituci\u00f3n Colegio de M\u00e9dicos de<br \/>Catamarca y arch\u00edvese.\u201d<\/p>\n<p><br \/>Publicado en Bolet\u00edn Oficial del 01\/03\/2019 y el 05\/03\/2019 \u201c.<\/p>\n\n\n","protected":false},"excerpt":{"rendered":"<p>REGLAMENTO DE ANUNCIOS Y PUBLICIDAD Art\u00edculo 1\u00ba &#8211; Toda la actividad de m\u00e9dico que trascienda el espec\u00edfico ejercicio de su profesi\u00f3n,alcanzando su conocimiento a terceros, cualquiera sea el medio empleado, deber\u00e1 realizarseajust\u00e1ndose a los principios detallados en los art\u00edculos subsiguientes de este Reglamento.Se reconoce el derecho a publicidad a:a) Los m\u00e9dicos, considerados individualmente o como [&hellip;]<\/p>\n","protected":false},"author":2,"featured_media":0,"parent":0,"menu_order":0,"comment_status":"closed","ping_status":"closed","template":"","meta":{"_joinchat":[],"footnotes":""},"class_list":["post-4942","page","type-page","status-publish","hentry"],"_links":{"self":[{"href":"https:\/\/colegiomedicocat.com.ar\/med\/wp-json\/wp\/v2\/pages\/4942","targetHints":{"allow":["GET"]}}],"collection":[{"href":"https:\/\/colegiomedicocat.com.ar\/med\/wp-json\/wp\/v2\/pages"}],"about":[{"href":"https:\/\/colegiomedicocat.com.ar\/med\/wp-json\/wp\/v2\/types\/page"}],"author":[{"embeddable":true,"href":"https:\/\/colegiomedicocat.com.ar\/med\/wp-json\/wp\/v2\/users\/2"}],"replies":[{"embeddable":true,"href":"https:\/\/colegiomedicocat.com.ar\/med\/wp-json\/wp\/v2\/comments?post=4942"}],"version-history":[{"count":1,"href":"https:\/\/colegiomedicocat.com.ar\/med\/wp-json\/wp\/v2\/pages\/4942\/revisions"}],"predecessor-version":[{"id":4945,"href":"https:\/\/colegiomedicocat.com.ar\/med\/wp-json\/wp\/v2\/pages\/4942\/revisions\/4945"}],"wp:attachment":[{"href":"https:\/\/colegiomedicocat.com.ar\/med\/wp-json\/wp\/v2\/media?parent=4942"}],"curies":[{"name":"wp","href":"https:\/\/api.w.org\/{rel}","templated":true}]}}