{"id":54,"date":"2016-07-03T22:25:14","date_gmt":"2016-07-03T22:25:14","guid":{"rendered":"http:\/\/colegiomedicocat.com.ar\/med\/?page_id=54"},"modified":"2018-11-15T11:10:03","modified_gmt":"2018-11-15T11:10:03","slug":"hacienda","status":"publish","type":"page","link":"https:\/\/colegiomedicocat.com.ar\/med\/hacienda\/","title":{"rendered":"Sec. Cient\u00edfica"},"content":{"rendered":"<p>&nbsp;<\/p>\n<p><strong><span style=\"color: #003366; font-size: 12pt;\">FUNCIONES\u00a0 <\/strong><\/span><\/p>\n<ul>\n<li>Entiende todo lo relacionado con el registro de matriculados en lo atinente a Especialidades\u00a0seg\u00fan reglamento.<\/li>\n<li>Tiene a su cargo el control de que la documentaci\u00f3n pr~sentada por un matriculado, pura ser\u00a0inscrito como Especialista en el Colegio de M\u00e9dicos como as\u00ed tambi\u00e9n para recertiticaci\u00f3n\u00a0de especialidad, cumpla con los requisitos legales y de cualquier otra \u00edndole, seg\u00fan pautas\u00a0establecidas por el Ministerio de Salud de la Naci\u00f3n, CONFEMECO, Universidad nacional,\u00a0Sociedades Cient\u00edficas Nacionales y por \u00e9ste Colegio de M\u00e9dicos a trav\u00e9s del Tribunal\u00a0Evaluador de Especialidades M\u00e9dicas.<\/li>\n<li>Mantiene contacto con diferentes organismos, referidos a programas Universitarios, validez de\u00a0los mismos y todo lo que se relacione con el perfeccionamiento m\u00e9dico de post grado para especializaci\u00f3n, certificaci\u00f3n \u00a0de la misma o recertificac\u00edon.<\/li>\n<li>Mantiene comunicaci\u00f3n con las sociedades Cient\u00edficas; tanto provinciales como nacionales similares, requiriendo la colaboraci\u00f3n y\/o participaci\u00f3n de las mismas para el otorgamiento de\u00a0avales para la matriculaci\u00f3n en especialidades y\u00a0en colaboraci\u00f3n Ton el Secretario de\u00a0Extensi\u00f3n Cultural, Cient\u00edfica y\u00a0Universitaria del Circulo M\u00e9dico de Catamarca.<\/li>\n<li>Tendr\u00e1 a su cargo la coordinaci\u00f3n y publicaci\u00f3n, junto con Secretar\u00eda General y Presidencia,<br \/>\ndel \u00d3rgano de Prensa del Colegio de M\u00e9dicos, donde deber\u00e1n comunicarse en forma peri\u00f3dica<br \/>\nel .listado de nuevos matriculados Y especialistas. Y especialistas recertificados, como as\u00ed<br \/>\ntambi\u00e9n. los temas de comunicaci\u00f3n inherentes a la actividad de la Instituci\u00f3n o de otro tipo<br \/>\nreferentes a la faz cient\u00edfica, legal, \u00e9tica y de inter\u00e9s general para los colegiados.<\/li>\n<\/ul>\n<p>&nbsp;<\/p>\n<p><strong><span style=\"color: #003366; font-size: 12pt;\"><span class=\"collapseomatic \" id=\"id69ed1069ec5aa\"  tabindex=\"0\" title=\"Propuestas  \"    >Propuestas  <\/span><div id=\"target-id69ed1069ec5aa\" class=\"collapseomatic_content \"><\/strong><\/span><\/p>\n<ul>\n<li>Se mantendr\u00e1 el actual sistema de Certificaci\u00f3n y Recertificaci\u00f3n de Especialidades Medicas, de<br \/>\nacuerdo a la Ley Nacional de Certificaci\u00f3n de Especialidades Medicas, y de Practicas por<br \/>\nespecialidad, acorde a la tabla de vinculaci\u00f3n de Practicas a la Especialidad madre.<\/li>\n<li>Atento a la realidad local de la Provincia, se incorporara la opci\u00f3n complementaria de rendir<br \/>\nExamen de Certificaci\u00f3n y Recertificaci\u00f3n de especialidades, reglamentado por la Secretaria de<br \/>\nExtensi\u00f3n Institucional y Universitaria del Colegio Medico de Catamarca<\/li>\n<li>Se extender\u00e1n Convenios con Sociedades Cient\u00edficas locales y nacionales, con el objetivo de<br \/>\nadaptar los requisitos de la Ley Nacional de Certificaci\u00f3n de especialidades, a nuestra realidad<br \/>\nlocal.<\/li>\n<li>Se continuara reconociendo a los colegiados con mayores puntajes de recertificaci\u00f3n, producci\u00f3n<br \/>\nbibliogr\u00e1fica y que hayan obtenido Doctorados, con los Premios instaurados por la Instituci\u00f3n.<\/li>\n<\/ul>\n<\/div>\n<p><strong><span style=\"color: #003366; font-size: 12pt;\"><span class=\"collapseomatic \" id=\"id69ed1069ec616\"  tabindex=\"0\" title=\"Informe de Gesti\u00f3n Secretaria Cient\u00edfica  \"    >Informe de Gesti\u00f3n Secretaria Cient\u00edfica  <\/span><div id=\"target-id69ed1069ec616\" class=\"collapseomatic_content \"><\/span><\/strong><\/p>\n<ul>\n<li>En el Periodo 01\/08\/2015 al 27\/07\/16 se evaluaron carpetas de M\u00e9dicos para obtener:\u00a0 Certificaciones de Especialistas <strong>43<\/strong>\u00a0\u00a0\u00a0&#8212;\u00a0\u00a0\u00a0\u00a0\u00a0\u00a0\u00a0Recertificaciones <strong>92 <\/strong><\/li>\n<li>Se realiz\u00f3 Convenio con Sociedad de Cardiolog\u00eda, adem\u00e1s del existente con la Sociedad de Pediatr\u00eda.<\/li>\n<li>-Se realiz\u00f3 reuni\u00f3n con las Sociedades cient\u00edficas para informar acerca de Certificaciones y Recertificaciones y actividades cient\u00edficas de manera conjunta.<\/li>\n<li>Se realiz\u00f3 Reuni\u00f3n con Universidad Nacional de Tucum\u00e1n para formalizar convenio y otorgar Certificados de Especialistas avalados por la misma, con Examen Te\u00f3rico- Practicoy \/o evaluaci\u00f3n por Tribunal de la Espacialidad, actualmente en evaluaci\u00f3n.<\/li>\n<li>Se decidi\u00f3 otorgar a las Sociedades Cient\u00edficas y Comit\u00e9s de Capacitaci\u00f3n y Docencia que realicen una actividad acad\u00e9mica, ayuda econ\u00f3mica una vez por a\u00f1o de $4200 (equivalente a 20 ordenes m\u00e9dicas , ajustable periodicamente al valor de la misma), adem\u00e1s de promover la difusi\u00f3n de las actividades en medios gr\u00e1ficos, etc.<\/li>\n<li>Las actividades cient\u00edficas que est\u00e9n avaladas y\/o auspiciadas por el Colegio de Medico de Catamarca tendr\u00e1 un Puntaje diferencial en la Tabla Referencial, la cual servir\u00e1 para la Recertificaci\u00f3n.<\/li>\n<\/ul>\n<\/div>\n","protected":false},"excerpt":{"rendered":"<p>&nbsp; FUNCIONES\u00a0 Entiende todo lo relacionado con el registro de matriculados en lo atinente a Especialidades\u00a0seg\u00fan reglamento. Tiene a su cargo el control de que la documentaci\u00f3n pr~sentada por un matriculado, pura ser\u00a0inscrito como Especialista en el Colegio de M\u00e9dicos como as\u00ed tambi\u00e9n para recertiticaci\u00f3n\u00a0de especialidad, cumpla con los requisitos legales y de cualquier otra [&hellip;]<\/p>\n","protected":false},"author":2,"featured_media":0,"parent":0,"menu_order":0,"comment_status":"closed","ping_status":"closed","template":"","meta":{"_joinchat":[],"footnotes":""},"class_list":["post-54","page","type-page","status-publish","hentry"],"_links":{"self":[{"href":"https:\/\/colegiomedicocat.com.ar\/med\/wp-json\/wp\/v2\/pages\/54","targetHints":{"allow":["GET"]}}],"collection":[{"href":"https:\/\/colegiomedicocat.com.ar\/med\/wp-json\/wp\/v2\/pages"}],"about":[{"href":"https:\/\/colegiomedicocat.com.ar\/med\/wp-json\/wp\/v2\/types\/page"}],"author":[{"embeddable":true,"href":"https:\/\/colegiomedicocat.com.ar\/med\/wp-json\/wp\/v2\/users\/2"}],"replies":[{"embeddable":true,"href":"https:\/\/colegiomedicocat.com.ar\/med\/wp-json\/wp\/v2\/comments?post=54"}],"version-history":[{"count":20,"href":"https:\/\/colegiomedicocat.com.ar\/med\/wp-json\/wp\/v2\/pages\/54\/revisions"}],"predecessor-version":[{"id":1610,"href":"https:\/\/colegiomedicocat.com.ar\/med\/wp-json\/wp\/v2\/pages\/54\/revisions\/1610"}],"wp:attachment":[{"href":"https:\/\/colegiomedicocat.com.ar\/med\/wp-json\/wp\/v2\/media?parent=54"}],"curies":[{"name":"wp","href":"https:\/\/api.w.org\/{rel}","templated":true}]}}