{"id":5694,"date":"2024-01-09T14:25:39","date_gmt":"2024-01-09T14:25:39","guid":{"rendered":"https:\/\/colegiomedicocat.com.ar\/med\/?page_id=5694"},"modified":"2024-01-09T14:40:57","modified_gmt":"2024-01-09T14:40:57","slug":"requisitos-para-recertificacion","status":"publish","type":"page","link":"https:\/\/colegiomedicocat.com.ar\/med\/requisitos-para-recertificacion\/","title":{"rendered":"REQUISITOS PARA RECERTIFICACI\u00d3N"},"content":{"rendered":"\t\t<div data-elementor-type=\"wp-page\" data-elementor-id=\"5694\" class=\"elementor elementor-5694\" data-elementor-post-type=\"page\">\n\t\t\t\t\t\t<section class=\"elementor-section elementor-top-section elementor-element elementor-element-89b0d33 elementor-section-boxed elementor-section-height-default elementor-section-height-default\" data-id=\"89b0d33\" data-element_type=\"section\">\n\t\t\t\t\t\t<div class=\"elementor-container elementor-column-gap-default\">\n\t\t\t\t\t<div class=\"elementor-column elementor-col-100 elementor-top-column elementor-element elementor-element-ba447b3\" data-id=\"ba447b3\" data-element_type=\"column\">\n\t\t\t<div class=\"elementor-widget-wrap elementor-element-populated\">\n\t\t\t\t\t\t<div class=\"elementor-element elementor-element-da40f71 elementor-widget elementor-widget-heading\" data-id=\"da40f71\" data-element_type=\"widget\" data-widget_type=\"heading.default\">\n\t\t\t\t<div class=\"elementor-widget-container\">\n\t\t\t<h3 class=\"elementor-heading-title elementor-size-default\">Requisitos para Recertificac\u00edon de Especialidades M\u00e9dicas<br>para Colegiados menores de 55 a\u00f1os de edad<br> y\/o mes de 25 a\u00f1os de Servicio como Especialista\n<\/h3>\t\t<\/div>\n\t\t\t\t<\/div>\n\t\t\t\t<div class=\"elementor-element elementor-element-f7d13fb elementor-widget elementor-widget-text-editor\" data-id=\"f7d13fb\" data-element_type=\"widget\" data-widget_type=\"text-editor.default\">\n\t\t\t\t<div class=\"elementor-widget-container\">\n\t\t\t\t\t\t\t<p style=\"text-align: left;\"><span style=\"font-size: 14pt;\">1.- LA DOCUMENTACI\u00d3N DEBE SER PRESENTADA EN CARPETA FOLIADA.<\/span><br \/><span style=\"font-size: 14pt;\">2.- PRESENTAR CERTIFICADOS DE CURSOS, TRABAJOS, CONGRESOS<\/span><br \/><span style=\"font-size: 14pt;\">REALIZADOS, ACTIVIDAD DOCENTE, ASISTENCIAL, P\u00daBLICA O PRIVADA,<\/span><br \/><span style=\"font-size: 14pt;\">ACTIVIDADES SOCIETARIAS CIENT\u00cdFICAS DE LOS ULTIMOS 5 (cinco) A\u00d1OS.<\/span><br \/><span style=\"font-size: 14pt;\">3.- PRESENTAR T\u00cdTULOS Y CERTIFICADOS ORIGINALES Y FOTOCOPIAS<\/span><br \/><span style=\"font-size: 14pt;\">CORRESPONDIENTES.<\/span><br \/><span style=\"font-size: 14pt;\">4.- PRESENTAR CURRICULUM VITAE, SEG\u00daN MODELO:<\/span><br \/><span style=\"font-size: 14pt;\">A) EDUCACI\u00d3N CONTINUA:<\/span><br \/><span style=\"font-size: 14pt;\">&#8211; T\u00cdTULOS ACADEMICOS: MAESTRIAS Y DOCTORADOS.<\/span><br \/><span style=\"font-size: 14pt;\">&#8211; RESIDENCIAS M\u00c9DICAS.<\/span><br \/><span style=\"font-size: 14pt;\">&#8211; CARRERA UNIVERSITARIAS DE POSTGRADO.<\/span><br \/><span style=\"font-size: 14pt;\">&#8211; CONCURRENCIAS M\u00c9DICAS, PASANTIAS EN SERVICIOS ECONOCIDOS.<\/span><br \/><span style=\"font-size: 14pt;\">B) DOCENCIA:<\/span><br \/><span style=\"font-size: 14pt;\">&#8211; CARGOS Y FUNCIONES EN PRE Y POSTGRADO UNIVERSITARIOS.<\/span><br \/><span style=\"font-size: 14pt;\">&#8211; COLABORACI\u00d3N EN CURSOS, SEMINARIOS, TALLERES A NIVEL DE POSTGRADO<\/span><br \/><span style=\"font-size: 14pt;\">(clases dictadas, coordinaci\u00f3n de ateneos, etc.)<\/span><br \/><span style=\"font-size: 14pt;\">&#8211; PARTICIPACI\u00d3N EN CONGRESOS, JORNADAS, CONFERENCISTA,<\/span><br \/><span style=\"font-size: 14pt;\">COORDINADOR, PANELISTA, etc.<\/span><br \/><span style=\"font-size: 14pt;\">C) PRODUCCI\u00d3N CIENT\u00cdFICA:<\/span><br \/><span style=\"font-size: 14pt;\">&#8211; TRABAJOS CIENT\u00cdFICOS PRESENTADOS Y PUBLICADOS.<\/span><br \/><span style=\"font-size: 14pt;\">&#8211; LIBROS O CAPITULOS PUBLICADOS.<\/span><\/p><p style=\"text-align: left;\"><span style=\"font-size: 14pt;\">D) PREMIOS OBTENIDOS.<\/span><br \/><span style=\"font-size: 14pt;\">E) ACTIVIDAD ASISTENCIAL.<\/span><br \/><span style=\"font-size: 14pt;\">F) FORMACI\u00d3N:<\/span><br \/><span style=\"font-size: 14pt;\">&#8211; ASISTENCIA A CURSOS, SEMINARIOS Y TALLERES.<\/span><br \/><span style=\"font-size: 14pt;\">&#8211; ASISTENCIA A CONGRESOS, JORNADAS Y SIMPOSIOS.<\/span><\/p><p style=\"text-align: left;\"><span style=\"color: var( --e-global-color-text ); font-family: var( --e-global-typography-text-font-family ), Sans-serif; font-weight: var( --e-global-typography-text-font-weight ); font-size: 14pt;\">G) ACTIVIDADES SOCIETARIAS<\/span><\/p><p style=\"text-align: left;\"><span style=\"font-size: 14pt;\">5- ABONAR ARANCEL CORRESPONDIENTE<\/span><\/p>\t\t\t\t\t\t<\/div>\n\t\t\t\t<\/div>\n\t\t\t\t<div class=\"elementor-element elementor-element-be9b6c7 elementor-widget elementor-widget-text-editor\" data-id=\"be9b6c7\" data-element_type=\"widget\" data-widget_type=\"text-editor.default\">\n\t\t\t\t<div class=\"elementor-widget-container\">\n\t\t\t\t\t\t\t<p style=\"text-align: center;\"><strong><span style=\"font-size: 14pt;\">ACLARACI\u00d3N:<\/span><\/strong><\/p><p><span style=\"font-size: 14pt;\">* UNA VEZ ANALIZADA LA DOCUMENTACI\u00d3N PRESENTADA POR EL INTERESADO,\u00a0<\/span><span style=\"font-size: 14pt;\">EL CONSEJO DIRECTIVO INFORMAR\u00c1 FECHA DE ENTREGA DE MATR\u00cdCULA Y\u00a0<\/span><span style=\"font-size: 14pt;\">CERTIFICADOS CORRESPONDIENTES, EN CASO DE CUMPLIMENTAR REQUISITOS.<\/span><\/p><p><span style=\"font-size: 14pt;\">* UNA VEZ APROBADA LA CARPETA SE NOTIFICAR\u00c1 AL INTERESADO, A\u00a0<\/span><span style=\"font-size: 14pt;\">LOS FINES QUE EN LAS 72 HS. SIGUIENTES A LA NOTIFICACI\u00d3N SE\u00a0<\/span><span style=\"font-size: 14pt;\">ABONE EL ARANCEL CORREPONDIENTE. UNA VEZ ABONADO, SE\u00a0<\/span><span style=\"font-size: 14pt;\">INICIAR\u00c1 EL PROCESO DE IMPRESI\u00d3N DE CERTIFICADOS\u00a0<\/span><span style=\"font-size: 14pt;\">CORRESPONDIENTES, COMUNICACI\u00d3N A C\u00cdRCULO M\u00c9DICO DE\u00a0<\/span><span style=\"font-size: 14pt;\">CATAMARCA Y SE PROGRAMAR\u00c1 FECHA DE ACTO DE ENTREGA.<\/span><\/p><p style=\"text-align: center;\"><strong><span style=\"font-size: 14pt; color: var( --e-global-color-text ); font-family: var( --e-global-typography-text-font-family ), Sans-serif;\">PROCEDIMIENTO DE PRESENTACI\u00d3N DE CARPETAS<\/span><\/strong><\/p><p style=\"text-align: center;\"><strong><span style=\"font-size: 14pt; color: var( --e-global-color-text ); font-family: var( --e-global-typography-text-font-family ), Sans-serif;\">\u00a0<\/span><\/strong><\/p><p><span style=\"font-size: 14pt;\">&#8211; Las carpetas de los interesados ser\u00e1n evaluadas por el Consejo\u00a0<\/span><span style=\"font-size: 14pt;\">Directivo, a trav\u00e9s de la Secretar\u00eda Cient\u00edfica y de Extensi\u00f3n Cultural<\/span><br \/><span style=\"font-size: 14pt;\">del Colegio de M\u00e9dicos.<\/span><br \/><span style=\"font-size: 14pt;\">&#8211; Se cotejar\u00e1n antecedentes contra Tabla de Puntajes Referencial que\u00a0<\/span><span style=\"font-size: 14pt;\">se adjunta.<\/span><br \/><span style=\"font-size: 14pt;\">&#8211; El interesado deber\u00e1 acreditar un m\u00ednimo de 1.000 (mil puntos) en\u00a0<\/span><span style=\"font-size: 14pt;\">los \u00faltimos 5 a\u00f1os.<\/span><br \/><span style=\"font-size: 14pt;\">&#8211;\u00a0 UNA VEZ APROBADA LA CARPETA SE NOTIFICAR\u00c1 AL INTERESADO, A\u00a0<\/span><span style=\"font-size: 14pt;\">LOS FINES QUE EN LAS 72 HS. SIGUIENTES A LA NOTIFICACI\u00d3N SE\u00a0<\/span><span style=\"font-size: 14pt;\">ABONE EL ARANCEL CORREPONDIENTE. UNA VEZ ABONADO, SE\u00a0<\/span><span style=\"font-size: 14pt;\">INICIAR\u00c1 EL PROCESO DE IMPRESI\u00d3N DE CERTIFICADOS, Y SE\u00a0<\/span><span style=\"font-size: 14pt;\">PROGRAMAR\u00c1 FECHA DE ACTO DE ENTREGA.<\/span><br \/><span style=\"font-size: 14pt;\">&#8211;\u00a0 LA DOCUMENTACI\u00d3N SE PRESENTA LOS D\u00cdAS MIERCOLES A\u00a0<\/span><span style=\"font-size: 14pt;\">PARTIR DE LAS 12:00 HS. por turnos previos<\/span><\/p><p><span style=\"font-size: 14pt;\">\u00a0<\/span><\/p><p style=\"text-align: center;\"><strong><span style=\"font-size: 14pt;\">Consejo Directivo<\/span><\/strong><\/p>\t\t\t\t\t\t<\/div>\n\t\t\t\t<\/div>\n\t\t\t\t\t<\/div>\n\t\t<\/div>\n\t\t\t\t\t<\/div>\n\t\t<\/section>\n\t\t\t\t<section class=\"elementor-section elementor-top-section elementor-element elementor-element-900f9bd elementor-section-boxed elementor-section-height-default elementor-section-height-default\" data-id=\"900f9bd\" data-element_type=\"section\">\n\t\t\t\t\t\t<div class=\"elementor-container elementor-column-gap-default\">\n\t\t\t\t\t<div class=\"elementor-column elementor-col-100 elementor-top-column elementor-element elementor-element-a7ddad6\" data-id=\"a7ddad6\" data-element_type=\"column\">\n\t\t\t<div class=\"elementor-widget-wrap elementor-element-populated\">\n\t\t\t\t\t\t<div class=\"elementor-element elementor-element-0e89e96 elementor-align-center elementor-widget elementor-widget-button\" data-id=\"0e89e96\" data-element_type=\"widget\" data-widget_type=\"button.default\">\n\t\t\t\t<div class=\"elementor-widget-container\">\n\t\t\t\t\t<div class=\"elementor-button-wrapper\">\n\t\t\t<a class=\"elementor-button elementor-button-link elementor-size-sm\" href=\"http:\/\/colegiomedicocat.com.ar\/med\/wp-content\/uploads\/2024\/01\/REQUISITOS-RECERTIFICACION.pdf\">\n\t\t\t\t\t\t<span class=\"elementor-button-content-wrapper\">\n\t\t\t\t\t\t\t\t\t<span class=\"elementor-button-text\">Descargar aqui PDF<\/span>\n\t\t\t\t\t<\/span>\n\t\t\t\t\t<\/a>\n\t\t<\/div>\n\t\t\t\t<\/div>\n\t\t\t\t<\/div>\n\t\t\t\t\t<\/div>\n\t\t<\/div>\n\t\t\t\t\t<\/div>\n\t\t<\/section>\n\t\t\t\t<\/div>\n\t\t","protected":false},"excerpt":{"rendered":"<p>Requisitos para Recertificac\u00edon de Especialidades M\u00e9dicaspara Colegiados menores de 55 a\u00f1os de edad y\/o mes de 25 a\u00f1os de Servicio como Especialista 1.- LA DOCUMENTACI\u00d3N DEBE SER PRESENTADA EN CARPETA FOLIADA.2.- PRESENTAR CERTIFICADOS DE CURSOS, TRABAJOS, CONGRESOSREALIZADOS, ACTIVIDAD DOCENTE, ASISTENCIAL, P\u00daBLICA O PRIVADA,ACTIVIDADES SOCIETARIAS CIENT\u00cdFICAS DE LOS ULTIMOS 5 (cinco) A\u00d1OS.3.- PRESENTAR T\u00cdTULOS Y CERTIFICADOS [&hellip;]<\/p>\n","protected":false},"author":2,"featured_media":0,"parent":0,"menu_order":0,"comment_status":"closed","ping_status":"closed","template":"","meta":{"_joinchat":[],"footnotes":""},"class_list":["post-5694","page","type-page","status-publish","hentry"],"_links":{"self":[{"href":"https:\/\/colegiomedicocat.com.ar\/med\/wp-json\/wp\/v2\/pages\/5694","targetHints":{"allow":["GET"]}}],"collection":[{"href":"https:\/\/colegiomedicocat.com.ar\/med\/wp-json\/wp\/v2\/pages"}],"about":[{"href":"https:\/\/colegiomedicocat.com.ar\/med\/wp-json\/wp\/v2\/types\/page"}],"author":[{"embeddable":true,"href":"https:\/\/colegiomedicocat.com.ar\/med\/wp-json\/wp\/v2\/users\/2"}],"replies":[{"embeddable":true,"href":"https:\/\/colegiomedicocat.com.ar\/med\/wp-json\/wp\/v2\/comments?post=5694"}],"version-history":[{"count":7,"href":"https:\/\/colegiomedicocat.com.ar\/med\/wp-json\/wp\/v2\/pages\/5694\/revisions"}],"predecessor-version":[{"id":5704,"href":"https:\/\/colegiomedicocat.com.ar\/med\/wp-json\/wp\/v2\/pages\/5694\/revisions\/5704"}],"wp:attachment":[{"href":"https:\/\/colegiomedicocat.com.ar\/med\/wp-json\/wp\/v2\/media?parent=5694"}],"curies":[{"name":"wp","href":"https:\/\/api.w.org\/{rel}","templated":true}]}}