{"id":61,"date":"2016-07-03T22:33:02","date_gmt":"2016-07-03T22:33:02","guid":{"rendered":"http:\/\/colegiomedicocat.com.ar\/med\/?page_id=61"},"modified":"2018-11-15T11:17:39","modified_gmt":"2018-11-15T11:17:39","slug":"hacienda-2","status":"publish","type":"page","link":"https:\/\/colegiomedicocat.com.ar\/med\/hacienda-2\/","title":{"rendered":"Hacienda"},"content":{"rendered":"<p>FUNCIONES<\/p>\n<ul>\n<li>Lleva en forma actualizada y legal la contabilidad general.<\/li>\n<li>Hace recaudar fondos y custodia los mismos y todo patrimonio del colegio de M\u00e9dicos.<\/li>\n<li>Coordina y planifica la &#8216;econom\u00eda de la Entidad.<\/li>\n<li>Informa al Consejo directivo sobre todo movimiento y control mensual, en todo lo referido a\u00a0lo econ\u00f3mico del Colegio.<\/li>\n<li>Firma con el Presidente y el Secretario General. todos los cheques. recibos y toda otra\u00a0documentaci\u00f3n contable. efectuando los pagos que dispusiere el Consejo Directivo. aprobados\u00a0en reuni\u00f3n.<\/li>\n<li>Lleva junto con el Secretario General, el Libro de Colegiados ocup\u00e1ndose de todo lo que se\u00a0relacione con el cobro de cuotas de mantenimiento. matriculaci\u00f3n. Certificaci\u00f3n de Titulo de\u00a0Especialista. re certificaci\u00f3n, autorizaci\u00f3n para Pr\u00e1cticas dentro de las Especialidades. etc.<\/li>\n<li>Efect\u00faa a nombre de la Entidad Colegio de Medicas de Catamarca. el dep\u00f3sito de dinero\u00a0interesante a la misma en la cuenta bancaria correspondiente.<\/li>\n<li>Presenta y elabora con el presidente, el Balance Anual y la cuenta de gastos y recursos e\u00a0inventarios, estos deben ser aprobados por el Consejo Directivo, previo a ser tratados por la\u00a0Asamblea Ordinaria.<\/li>\n<\/ul>\n<p>&nbsp;<br \/>\n<strong><span style=\"color: #003366; font-size: 12pt;\"><span class=\"collapseomatic \" id=\"id69ed3e663a3cb\"  tabindex=\"0\" title=\"Propuestas  \"    >Propuestas  <\/span><div id=\"target-id69ed3e663a3cb\" class=\"collapseomatic_content \"><\/strong><\/span><\/p>\n<ul>\n<li>PROPONEMOS UN MODELO DE SECRETAR\u00cdA ABIERTA, PERMEABLE, A DISPOSICI\u00d3N DE LOS<br \/>\nCOLEGIADOS.<\/li>\n<li> ACCESO A PAGOS REALIZADOS, A MOVIMIENTOS DE CAJA, TRANSFERENCIAS, Y MOVIMIENTOS DE<br \/>\nCUENTA INSTITUCIONAL, A REQUERIMIENTO DE LOS COLEGAS.<\/li>\n<li> CONTINUAR LA \u201cVUELTA AL COLEGIADO\u201d DE LOS ARANCELES, EN OBRAS CONCRETAS COMO<br \/>\nNUNCA TUVO EL COLEGIO Y QUE LO INICIAMOS EN LA GESTI\u00d3N DEL DR. FERN\u00c1NDEZ.<\/li>\n<li>DIGITALIZAR PAGOS DE ARANCELES A TRAV\u00c9S DE MEDIOS ELECTR\u00d3NICOS, HOME BANKING,<br \/>\nPAGOMISCUENTAS, RAPIPAGO, PAGOFACIL ETC. PARA EVITAR TRASLADOS INNECESAROS DESDE EL<br \/>\nINTERIOR PROVINCIAL O A\u00daN DESDE NUESTRA CIUDAD.<\/li>\n<li>GESTIONAR SE MEJORE LA PERIODICIDAD DE PAGO DE MANTENIMIENTO DE MATR\u00cdCULA DESDE<br \/>\nOSEP, ESTADO PROVINCIAL, EMERGENCIAS M\u00c9DICAS.<\/li>\n<li> RE DIAGNOSTICAR EL GRADO DE MOROSIDAD, Y ARBITRAR MEDIOS PARA REGULARIZAR DEUDA DE<br \/>\nMATR\u00cdCULA A COLEGAS ESPECIALMENTE EN EL SISTEMA DE SALUD P\u00daBLICA EN 30 D\u00cdAS DESDE EL<br \/>\n15 DE AGOSTO.<\/li>\n<li>PROFESIONALIZAR LA ADMINISTRACI\u00d3N DE RECURSOS ECON\u00d3MICOS, APOYANDO AL CONSEJO<br \/>\nDIRECTIVO CON ASESOR\u00cdA CONTABLE Y DE ADMINISTRACI\u00d3N DE EMPRESAS, QUE NOS PERMITA<br \/>\nINVERTIR DE LA MEJOR MANERA EL SUPER\u00c1VIT ALCANZADO EN NUESTRA GESTI\u00d3N.<\/p>\n<li>GENERAR BONIFICACIONES POR PAGO ADELANTADO DE MANTENIMIENTO DE MATR\u00cdCULA.\n<li> BONIFICACIONES A M\u00c9DICOS DEL INTERIOR, EN COORDINACI\u00d3N ACTIVA CON SECRETAR\u00cdA DEL<br \/>\nINTERIOR.<\/li>\n<li> MANTENER AYUDA ECON\u00d3MICA DEPARTAMENTOS DE DOCENCIA Y SOCIEDADES CIENT\u00cdFICAS, QUE<br \/>\nHOY ES DE $5.000 M\u00c1S PUBLICIDAD E IMPRESI\u00d3N DE CERTIFICADOS, PARA ORGANIZAR JORNADAS<br \/>\nEN CATAMARCA.<\/li>\n<li> LLAMADO ASAMBLEA PARA MODIFICACI\u00d3N DE ESTATUTO, PARA DISMINUIR PLAZOS DE<br \/>\nMOROSIDAD EN MANTENIMIENTO DE MATR\u00cdCULA.<\/li>\n<\/ul>\n<p>LOS ARANCELES DEL COLEGIO SON LA \u00daNICA FUENTE DE FINANCIAMIENTO QUE EL COLEGIO TIENE&#8230;. Y EN OBRAS DEBE VOLVER A QUI\u00c9N LO APORTA&#8230;. COMO LO VENIMOS HACIENDO&#8230;&#8230;&#8230; GRACIAS COLEGA!<br \/>\n<\/div>\n","protected":false},"excerpt":{"rendered":"<p>FUNCIONES Lleva en forma actualizada y legal la contabilidad general. Hace recaudar fondos y custodia los mismos y todo patrimonio del colegio de M\u00e9dicos. Coordina y planifica la &#8216;econom\u00eda de la Entidad. Informa al Consejo directivo sobre todo movimiento y control mensual, en todo lo referido a\u00a0lo econ\u00f3mico del Colegio. Firma con el Presidente y [&hellip;]<\/p>\n","protected":false},"author":2,"featured_media":0,"parent":0,"menu_order":0,"comment_status":"closed","ping_status":"closed","template":"","meta":{"_joinchat":[],"footnotes":""},"class_list":["post-61","page","type-page","status-publish","hentry"],"_links":{"self":[{"href":"https:\/\/colegiomedicocat.com.ar\/med\/wp-json\/wp\/v2\/pages\/61","targetHints":{"allow":["GET"]}}],"collection":[{"href":"https:\/\/colegiomedicocat.com.ar\/med\/wp-json\/wp\/v2\/pages"}],"about":[{"href":"https:\/\/colegiomedicocat.com.ar\/med\/wp-json\/wp\/v2\/types\/page"}],"author":[{"embeddable":true,"href":"https:\/\/colegiomedicocat.com.ar\/med\/wp-json\/wp\/v2\/users\/2"}],"replies":[{"embeddable":true,"href":"https:\/\/colegiomedicocat.com.ar\/med\/wp-json\/wp\/v2\/comments?post=61"}],"version-history":[{"count":4,"href":"https:\/\/colegiomedicocat.com.ar\/med\/wp-json\/wp\/v2\/pages\/61\/revisions"}],"predecessor-version":[{"id":1611,"href":"https:\/\/colegiomedicocat.com.ar\/med\/wp-json\/wp\/v2\/pages\/61\/revisions\/1611"}],"wp:attachment":[{"href":"https:\/\/colegiomedicocat.com.ar\/med\/wp-json\/wp\/v2\/media?parent=61"}],"curies":[{"name":"wp","href":"https:\/\/api.w.org\/{rel}","templated":true}]}}